{"id":282,"date":"2023-03-14T20:31:32","date_gmt":"2023-03-14T20:31:32","guid":{"rendered":"https:\/\/jolieloungecafe.fi\/about-us\/lisapalvelut\/"},"modified":"2026-03-10T11:01:40","modified_gmt":"2026-03-10T11:01:40","slug":"jolie-akaslompolo","status":"publish","type":"page","link":"https:\/\/jolieloungecafe.fi\/en\/jolie-akaslompolo\/","title":{"rendered":"Jolie \u00c4k\u00e4slompolo"},"content":{"rendered":"<h2>Jolie Home Baker Inkku continues in \u00c4k\u00e4slompolo<\/h2>\n<p>Our former baker Inkku will continue to make Jolie Lounge &amp; Caf\u00e9&#8217;s favourite cakes and pies to order!<\/p>\n<h3>Selection<\/h3>\n<ul>\n<li>3-chocolate mousse cake (g, vl) \u2013 different sizes, from 49 \u20ac<\/li>\n<li>Seasonal cheesecake (g, l) \u2013 different sizes, from 45 \u20ac<\/li>\n<li>Seasonal chocolate mousse cake (g, v) \u2013 for 8-10 people, 49 \u20ac<\/li>\n<li>Reindeer cheese quiche (g, l) \u2013 for 10-12 people, 55\u20ac<\/li>\n<li>Root vegetable quiche (g, l or v) \u2013 for 10-12 people, 49 \u20ac<\/li>\n<\/ul>\n<p>We also make other cakes, ask for more information.<\/p>\n<h3>Order cakes and pies<\/h3>\n<p>Orders can be made by calling Inkku directly: +358 45 130 1204, by email: info@jolieloungecafe.fi or via social media channels (Facebook\/Instagram).<\/p>\n<p>Orders should preferably be placed 2 weeks in advance.<\/p>\n","protected":false},"excerpt":{"rendered":"<p>Jolie Home Baker Inkku continues in \u00c4k\u00e4slompolo Our former baker Inkku will continue to make Jolie Lounge &amp; Caf\u00e9&#8217;s favourite cakes and pies to order! Selection 3-chocolate mousse cake (g, vl) \u2013 different sizes, from 49 \u20ac Seasonal cheesecake (g, l) \u2013 different sizes, from 45 \u20ac Seasonal chocolate mousse cake (g, v) \u2013 for &hellip; <\/p>\n<p class=\"link-more\"><a href=\"https:\/\/jolieloungecafe.fi\/en\/jolie-akaslompolo\/\" class=\"more-link\">Continue reading<span class=\"screen-reader-text\"> &#8220;Jolie \u00c4k\u00e4slompolo&#8221;<\/span><\/a><\/p>\n","protected":false},"author":1,"featured_media":1908,"parent":0,"menu_order":0,"comment_status":"closed","ping_status":"closed","template":"","meta":{"footnotes":""},"class_list":["post-282","page","type-page","status-publish","has-post-thumbnail","hentry"],"yoast_head":"<!-- This site is optimized with the Yoast SEO plugin v27.4 - https:\/\/yoast.com\/product\/yoast-seo-wordpress\/ -->\n<title>Jolie \u00c4k\u00e4slompolo - Jolie Lounge &amp; Caf\u00e9<\/title>\n<meta name=\"description\" content=\"Our former baker Inkku continues to bake Jolie Lounge &amp; Caf\u00e9&#039;s favourites cakes and quieches in \u00c4k\u00e4slompolo. Place your order now.\" \/>\n<meta name=\"robots\" content=\"index, follow, max-snippet:-1, max-image-preview:large, max-video-preview:-1\" \/>\n<link rel=\"canonical\" href=\"https:\/\/jolieloungecafe.fi\/en\/jolie-akaslompolo\/\" \/>\n<meta property=\"og:locale\" content=\"en_US\" \/>\n<meta property=\"og:type\" content=\"article\" \/>\n<meta property=\"og:title\" content=\"Jolie \u00c4k\u00e4slompolo - Jolie Lounge &amp; Caf\u00e9\" \/>\n<meta property=\"og:description\" content=\"Our former baker Inkku continues to bake Jolie Lounge &amp; Caf\u00e9&#039;s favourites cakes and quieches in \u00c4k\u00e4slompolo. Place your order now.\" \/>\n<meta property=\"og:url\" content=\"https:\/\/jolieloungecafe.fi\/en\/jolie-akaslompolo\/\" \/>\n<meta property=\"og:site_name\" content=\"Jolie Lounge &amp; Caf\u00e9\" \/>\n<meta property=\"article:publisher\" content=\"https:\/\/www.facebook.com\/jolieloungecafe\" \/>\n<meta property=\"article:modified_time\" content=\"2026-03-10T11:01:40+00:00\" \/>\n<meta property=\"og:image\" content=\"https:\/\/jolieloungecafe.fi\/cW8H\/wp-content\/uploads\/2025\/12\/tilaustuotteet-1.jpg\" \/>\n\t<meta property=\"og:image:width\" content=\"2000\" \/>\n\t<meta property=\"og:image:height\" content=\"1125\" \/>\n\t<meta property=\"og:image:type\" content=\"image\/jpeg\" \/>\n<meta name=\"twitter:card\" content=\"summary_large_image\" \/>\n<meta name=\"twitter:label1\" content=\"Est. reading time\" \/>\n\t<meta name=\"twitter:data1\" content=\"1 minute\" \/>\n<script type=\"application\/ld+json\" class=\"yoast-schema-graph\">{\"@context\":\"https:\\\/\\\/schema.org\",\"@graph\":[{\"@type\":\"WebPage\",\"@id\":\"https:\\\/\\\/jolieloungecafe.fi\\\/en\\\/jolie-akaslompolo\\\/\",\"url\":\"https:\\\/\\\/jolieloungecafe.fi\\\/en\\\/jolie-akaslompolo\\\/\",\"name\":\"Jolie \u00c4k\u00e4slompolo - Jolie Lounge &amp; Caf\u00e9\",\"isPartOf\":{\"@id\":\"https:\\\/\\\/jolieloungecafe.fi\\\/#website\"},\"primaryImageOfPage\":{\"@id\":\"https:\\\/\\\/jolieloungecafe.fi\\\/en\\\/jolie-akaslompolo\\\/#primaryimage\"},\"image\":{\"@id\":\"https:\\\/\\\/jolieloungecafe.fi\\\/en\\\/jolie-akaslompolo\\\/#primaryimage\"},\"thumbnailUrl\":\"https:\\\/\\\/i0.wp.com\\\/jolieloungecafe.fi\\\/cW8H\\\/wp-content\\\/uploads\\\/2025\\\/12\\\/tilaustuotteet-1.jpg?fit=2000%2C1125&ssl=1\",\"datePublished\":\"2023-03-14T20:31:32+00:00\",\"dateModified\":\"2026-03-10T11:01:40+00:00\",\"description\":\"Our former baker Inkku continues to bake Jolie Lounge & Caf\u00e9's favourites cakes and quieches in \u00c4k\u00e4slompolo. Place your order now.\",\"breadcrumb\":{\"@id\":\"https:\\\/\\\/jolieloungecafe.fi\\\/en\\\/jolie-akaslompolo\\\/#breadcrumb\"},\"inLanguage\":\"en-US\",\"potentialAction\":[{\"@type\":\"ReadAction\",\"target\":[\"https:\\\/\\\/jolieloungecafe.fi\\\/en\\\/jolie-akaslompolo\\\/\"]}]},{\"@type\":\"ImageObject\",\"inLanguage\":\"en-US\",\"@id\":\"https:\\\/\\\/jolieloungecafe.fi\\\/en\\\/jolie-akaslompolo\\\/#primaryimage\",\"url\":\"https:\\\/\\\/i0.wp.com\\\/jolieloungecafe.fi\\\/cW8H\\\/wp-content\\\/uploads\\\/2025\\\/12\\\/tilaustuotteet-1.jpg?fit=2000%2C1125&ssl=1\",\"contentUrl\":\"https:\\\/\\\/i0.wp.com\\\/jolieloungecafe.fi\\\/cW8H\\\/wp-content\\\/uploads\\\/2025\\\/12\\\/tilaustuotteet-1.jpg?fit=2000%2C1125&ssl=1\",\"width\":2000,\"height\":1125},{\"@type\":\"BreadcrumbList\",\"@id\":\"https:\\\/\\\/jolieloungecafe.fi\\\/en\\\/jolie-akaslompolo\\\/#breadcrumb\",\"itemListElement\":[{\"@type\":\"ListItem\",\"position\":1,\"name\":\"Etusivu\",\"item\":\"https:\\\/\\\/jolieloungecafe.fi\\\/en\\\/\"},{\"@type\":\"ListItem\",\"position\":2,\"name\":\"Jolie \u00c4k\u00e4slompolo\"}]},{\"@type\":\"WebSite\",\"@id\":\"https:\\\/\\\/jolieloungecafe.fi\\\/#website\",\"url\":\"https:\\\/\\\/jolieloungecafe.fi\\\/\",\"name\":\"Jolie Lounge & Caf\u00e9\",\"description\":\"Jolie Lounge &amp; Caf\u00e9 is a fresh and relaxed restaurant in the heart of \u00c4k\u00e4slompolo, Yll\u00e4s.\",\"publisher\":{\"@id\":\"https:\\\/\\\/jolieloungecafe.fi\\\/#organization\"},\"alternateName\":\"Jolie Restaurant\",\"potentialAction\":[{\"@type\":\"SearchAction\",\"target\":{\"@type\":\"EntryPoint\",\"urlTemplate\":\"https:\\\/\\\/jolieloungecafe.fi\\\/?s={search_term_string}\"},\"query-input\":{\"@type\":\"PropertyValueSpecification\",\"valueRequired\":true,\"valueName\":\"search_term_string\"}}],\"inLanguage\":\"en-US\"},{\"@type\":\"Organization\",\"@id\":\"https:\\\/\\\/jolieloungecafe.fi\\\/#organization\",\"name\":\"Jolie Lounge & Caf\u00e9\",\"alternateName\":\"Jolie Restaurant \u00c4k\u00e4slompolo\",\"url\":\"https:\\\/\\\/jolieloungecafe.fi\\\/\",\"logo\":{\"@type\":\"ImageObject\",\"inLanguage\":\"en-US\",\"@id\":\"https:\\\/\\\/jolieloungecafe.fi\\\/#\\\/schema\\\/logo\\\/image\\\/\",\"url\":\"https:\\\/\\\/i0.wp.com\\\/jolieloungecafe.fi\\\/cW8H\\\/wp-content\\\/uploads\\\/2022\\\/10\\\/cropped-jolie-lounge-cafe-1.png?fit=512%2C512&ssl=1\",\"contentUrl\":\"https:\\\/\\\/i0.wp.com\\\/jolieloungecafe.fi\\\/cW8H\\\/wp-content\\\/uploads\\\/2022\\\/10\\\/cropped-jolie-lounge-cafe-1.png?fit=512%2C512&ssl=1\",\"width\":512,\"height\":512,\"caption\":\"Jolie Lounge & Caf\u00e9\"},\"image\":{\"@id\":\"https:\\\/\\\/jolieloungecafe.fi\\\/#\\\/schema\\\/logo\\\/image\\\/\"},\"sameAs\":[\"https:\\\/\\\/www.facebook.com\\\/jolieloungecafe\",\"https:\\\/\\\/www.instagram.com\\\/jolieloungecafe\\\/\"]}]}<\/script>\n<!-- \/ Yoast SEO plugin. -->","yoast_head_json":{"title":"Jolie \u00c4k\u00e4slompolo - Jolie Lounge &amp; Caf\u00e9","description":"Our former baker Inkku continues to bake Jolie Lounge & Caf\u00e9's favourites cakes and quieches in \u00c4k\u00e4slompolo. Place your order now.","robots":{"index":"index","follow":"follow","max-snippet":"max-snippet:-1","max-image-preview":"max-image-preview:large","max-video-preview":"max-video-preview:-1"},"canonical":"https:\/\/jolieloungecafe.fi\/en\/jolie-akaslompolo\/","og_locale":"en_US","og_type":"article","og_title":"Jolie \u00c4k\u00e4slompolo - Jolie Lounge &amp; Caf\u00e9","og_description":"Our former baker Inkku continues to bake Jolie Lounge & Caf\u00e9's favourites cakes and quieches in \u00c4k\u00e4slompolo. Place your order now.","og_url":"https:\/\/jolieloungecafe.fi\/en\/jolie-akaslompolo\/","og_site_name":"Jolie Lounge &amp; Caf\u00e9","article_publisher":"https:\/\/www.facebook.com\/jolieloungecafe","article_modified_time":"2026-03-10T11:01:40+00:00","og_image":[{"width":2000,"height":1125,"url":"https:\/\/jolieloungecafe.fi\/cW8H\/wp-content\/uploads\/2025\/12\/tilaustuotteet-1.jpg","type":"image\/jpeg"}],"twitter_card":"summary_large_image","twitter_misc":{"Est. reading time":"1 minute"},"schema":{"@context":"https:\/\/schema.org","@graph":[{"@type":"WebPage","@id":"https:\/\/jolieloungecafe.fi\/en\/jolie-akaslompolo\/","url":"https:\/\/jolieloungecafe.fi\/en\/jolie-akaslompolo\/","name":"Jolie \u00c4k\u00e4slompolo - Jolie Lounge &amp; Caf\u00e9","isPartOf":{"@id":"https:\/\/jolieloungecafe.fi\/#website"},"primaryImageOfPage":{"@id":"https:\/\/jolieloungecafe.fi\/en\/jolie-akaslompolo\/#primaryimage"},"image":{"@id":"https:\/\/jolieloungecafe.fi\/en\/jolie-akaslompolo\/#primaryimage"},"thumbnailUrl":"https:\/\/i0.wp.com\/jolieloungecafe.fi\/cW8H\/wp-content\/uploads\/2025\/12\/tilaustuotteet-1.jpg?fit=2000%2C1125&ssl=1","datePublished":"2023-03-14T20:31:32+00:00","dateModified":"2026-03-10T11:01:40+00:00","description":"Our former baker Inkku continues to bake Jolie Lounge & Caf\u00e9's favourites cakes and quieches in \u00c4k\u00e4slompolo. Place your order now.","breadcrumb":{"@id":"https:\/\/jolieloungecafe.fi\/en\/jolie-akaslompolo\/#breadcrumb"},"inLanguage":"en-US","potentialAction":[{"@type":"ReadAction","target":["https:\/\/jolieloungecafe.fi\/en\/jolie-akaslompolo\/"]}]},{"@type":"ImageObject","inLanguage":"en-US","@id":"https:\/\/jolieloungecafe.fi\/en\/jolie-akaslompolo\/#primaryimage","url":"https:\/\/i0.wp.com\/jolieloungecafe.fi\/cW8H\/wp-content\/uploads\/2025\/12\/tilaustuotteet-1.jpg?fit=2000%2C1125&ssl=1","contentUrl":"https:\/\/i0.wp.com\/jolieloungecafe.fi\/cW8H\/wp-content\/uploads\/2025\/12\/tilaustuotteet-1.jpg?fit=2000%2C1125&ssl=1","width":2000,"height":1125},{"@type":"BreadcrumbList","@id":"https:\/\/jolieloungecafe.fi\/en\/jolie-akaslompolo\/#breadcrumb","itemListElement":[{"@type":"ListItem","position":1,"name":"Etusivu","item":"https:\/\/jolieloungecafe.fi\/en\/"},{"@type":"ListItem","position":2,"name":"Jolie \u00c4k\u00e4slompolo"}]},{"@type":"WebSite","@id":"https:\/\/jolieloungecafe.fi\/#website","url":"https:\/\/jolieloungecafe.fi\/","name":"Jolie Lounge & Caf\u00e9","description":"Jolie Lounge &amp; Caf\u00e9 is a fresh and relaxed restaurant in the heart of \u00c4k\u00e4slompolo, Yll\u00e4s.","publisher":{"@id":"https:\/\/jolieloungecafe.fi\/#organization"},"alternateName":"Jolie Restaurant","potentialAction":[{"@type":"SearchAction","target":{"@type":"EntryPoint","urlTemplate":"https:\/\/jolieloungecafe.fi\/?s={search_term_string}"},"query-input":{"@type":"PropertyValueSpecification","valueRequired":true,"valueName":"search_term_string"}}],"inLanguage":"en-US"},{"@type":"Organization","@id":"https:\/\/jolieloungecafe.fi\/#organization","name":"Jolie Lounge & Caf\u00e9","alternateName":"Jolie Restaurant \u00c4k\u00e4slompolo","url":"https:\/\/jolieloungecafe.fi\/","logo":{"@type":"ImageObject","inLanguage":"en-US","@id":"https:\/\/jolieloungecafe.fi\/#\/schema\/logo\/image\/","url":"https:\/\/i0.wp.com\/jolieloungecafe.fi\/cW8H\/wp-content\/uploads\/2022\/10\/cropped-jolie-lounge-cafe-1.png?fit=512%2C512&ssl=1","contentUrl":"https:\/\/i0.wp.com\/jolieloungecafe.fi\/cW8H\/wp-content\/uploads\/2022\/10\/cropped-jolie-lounge-cafe-1.png?fit=512%2C512&ssl=1","width":512,"height":512,"caption":"Jolie Lounge & Caf\u00e9"},"image":{"@id":"https:\/\/jolieloungecafe.fi\/#\/schema\/logo\/image\/"},"sameAs":["https:\/\/www.facebook.com\/jolieloungecafe","https:\/\/www.instagram.com\/jolieloungecafe\/"]}]}},"jetpack_sharing_enabled":true,"_links":{"self":[{"href":"https:\/\/jolieloungecafe.fi\/en\/wp-json\/wp\/v2\/pages\/282","targetHints":{"allow":["GET"]}}],"collection":[{"href":"https:\/\/jolieloungecafe.fi\/en\/wp-json\/wp\/v2\/pages"}],"about":[{"href":"https:\/\/jolieloungecafe.fi\/en\/wp-json\/wp\/v2\/types\/page"}],"author":[{"embeddable":true,"href":"https:\/\/jolieloungecafe.fi\/en\/wp-json\/wp\/v2\/users\/1"}],"replies":[{"embeddable":true,"href":"https:\/\/jolieloungecafe.fi\/en\/wp-json\/wp\/v2\/comments?post=282"}],"version-history":[{"count":13,"href":"https:\/\/jolieloungecafe.fi\/en\/wp-json\/wp\/v2\/pages\/282\/revisions"}],"predecessor-version":[{"id":1932,"href":"https:\/\/jolieloungecafe.fi\/en\/wp-json\/wp\/v2\/pages\/282\/revisions\/1932"}],"wp:featuredmedia":[{"embeddable":true,"href":"https:\/\/jolieloungecafe.fi\/en\/wp-json\/wp\/v2\/media\/1908"}],"wp:attachment":[{"href":"https:\/\/jolieloungecafe.fi\/en\/wp-json\/wp\/v2\/media?parent=282"}],"curies":[{"name":"wp","href":"https:\/\/api.w.org\/{rel}","templated":true}]}}