{"id":191,"date":"2022-12-15T12:59:29","date_gmt":"2022-12-15T12:59:29","guid":{"rendered":"https:\/\/jolieloungecafe.fi\/cW8H\/yhteystiedot\/"},"modified":"2025-12-16T21:03:23","modified_gmt":"2025-12-16T21:03:23","slug":"contact","status":"publish","type":"page","link":"https:\/\/jolieloungecafe.fi\/en\/contact\/","title":{"rendered":"Contact"},"content":{"rendered":"<h1>Jolie Lounge &amp; Caf\u00e9<\/h1>\n<p>+358 41 318 9227<br \/>\ninfo(a)jolieloungecafe.fi<\/p>\n<p>Cake orders in \u00c4k\u00e4slompolo:<br \/>\nInkku +358 45 130 1204<\/p>\n<p>&nbsp;<\/p>\n","protected":false},"excerpt":{"rendered":"<p>Jolie Lounge &amp; Caf\u00e9 +358 41 318 9227 info(a)jolieloungecafe.fi Cake orders in \u00c4k\u00e4slompolo: Inkku +358 45 130 1204 &nbsp;<\/p>\n","protected":false},"author":1,"featured_media":161,"parent":0,"menu_order":0,"comment_status":"closed","ping_status":"closed","template":"","meta":{"footnotes":""},"class_list":["post-191","page","type-page","status-publish","has-post-thumbnail","hentry"],"yoast_head":"<!-- This site is optimized with the Yoast SEO plugin v27.4 - https:\/\/yoast.com\/product\/yoast-seo-wordpress\/ -->\n<title>Contact - Jolie Lounge &amp; Caf\u00e9<\/title>\n<meta name=\"robots\" content=\"index, follow, max-snippet:-1, max-image-preview:large, max-video-preview:-1\" \/>\n<link rel=\"canonical\" href=\"https:\/\/jolieloungecafe.fi\/en\/contact\/\" \/>\n<meta property=\"og:locale\" content=\"en_US\" \/>\n<meta property=\"og:type\" content=\"article\" \/>\n<meta property=\"og:title\" content=\"Contact - Jolie Lounge &amp; Caf\u00e9\" \/>\n<meta property=\"og:description\" content=\"Jolie Lounge &amp; Caf\u00e9 +358 41 318 9227 info(a)jolieloungecafe.fi Cake orders in \u00c4k\u00e4slompolo: Inkku +358 45 130 1204 &nbsp;\" \/>\n<meta property=\"og:url\" content=\"https:\/\/jolieloungecafe.fi\/en\/contact\/\" \/>\n<meta property=\"og:site_name\" content=\"Jolie Lounge &amp; Caf\u00e9\" \/>\n<meta property=\"article:publisher\" content=\"https:\/\/www.facebook.com\/jolieloungecafe\" \/>\n<meta property=\"article:modified_time\" content=\"2025-12-16T21:03:23+00:00\" \/>\n<meta property=\"og:image\" content=\"https:\/\/jolieloungecafe.fi\/cW8H\/wp-content\/uploads\/2023\/03\/sijainti.jpg\" \/>\n\t<meta property=\"og:image:width\" content=\"2000\" \/>\n\t<meta property=\"og:image:height\" content=\"1125\" \/>\n\t<meta property=\"og:image:type\" content=\"image\/jpeg\" \/>\n<meta name=\"twitter:card\" content=\"summary_large_image\" \/>\n<meta name=\"twitter:label1\" content=\"Est. reading time\" \/>\n\t<meta name=\"twitter:data1\" content=\"1 minute\" \/>\n<script type=\"application\/ld+json\" class=\"yoast-schema-graph\">{\"@context\":\"https:\\\/\\\/schema.org\",\"@graph\":[{\"@type\":\"WebPage\",\"@id\":\"https:\\\/\\\/jolieloungecafe.fi\\\/en\\\/contact\\\/\",\"url\":\"https:\\\/\\\/jolieloungecafe.fi\\\/en\\\/contact\\\/\",\"name\":\"Contact - Jolie Lounge &amp; Caf\u00e9\",\"isPartOf\":{\"@id\":\"https:\\\/\\\/jolieloungecafe.fi\\\/#website\"},\"primaryImageOfPage\":{\"@id\":\"https:\\\/\\\/jolieloungecafe.fi\\\/en\\\/contact\\\/#primaryimage\"},\"image\":{\"@id\":\"https:\\\/\\\/jolieloungecafe.fi\\\/en\\\/contact\\\/#primaryimage\"},\"thumbnailUrl\":\"https:\\\/\\\/i0.wp.com\\\/jolieloungecafe.fi\\\/cW8H\\\/wp-content\\\/uploads\\\/2023\\\/03\\\/sijainti.jpg?fit=2000%2C1125&ssl=1\",\"datePublished\":\"2022-12-15T12:59:29+00:00\",\"dateModified\":\"2025-12-16T21:03:23+00:00\",\"breadcrumb\":{\"@id\":\"https:\\\/\\\/jolieloungecafe.fi\\\/en\\\/contact\\\/#breadcrumb\"},\"inLanguage\":\"en-US\",\"potentialAction\":[{\"@type\":\"ReadAction\",\"target\":[\"https:\\\/\\\/jolieloungecafe.fi\\\/en\\\/contact\\\/\"]}]},{\"@type\":\"ImageObject\",\"inLanguage\":\"en-US\",\"@id\":\"https:\\\/\\\/jolieloungecafe.fi\\\/en\\\/contact\\\/#primaryimage\",\"url\":\"https:\\\/\\\/i0.wp.com\\\/jolieloungecafe.fi\\\/cW8H\\\/wp-content\\\/uploads\\\/2023\\\/03\\\/sijainti.jpg?fit=2000%2C1125&ssl=1\",\"contentUrl\":\"https:\\\/\\\/i0.wp.com\\\/jolieloungecafe.fi\\\/cW8H\\\/wp-content\\\/uploads\\\/2023\\\/03\\\/sijainti.jpg?fit=2000%2C1125&ssl=1\",\"width\":2000,\"height\":1125,\"caption\":\"Jolie Lounge & Caf\u00e9 location\"},{\"@type\":\"BreadcrumbList\",\"@id\":\"https:\\\/\\\/jolieloungecafe.fi\\\/en\\\/contact\\\/#breadcrumb\",\"itemListElement\":[{\"@type\":\"ListItem\",\"position\":1,\"name\":\"Etusivu\",\"item\":\"https:\\\/\\\/jolieloungecafe.fi\\\/en\\\/\"},{\"@type\":\"ListItem\",\"position\":2,\"name\":\"Contact\"}]},{\"@type\":\"WebSite\",\"@id\":\"https:\\\/\\\/jolieloungecafe.fi\\\/#website\",\"url\":\"https:\\\/\\\/jolieloungecafe.fi\\\/\",\"name\":\"Jolie Lounge & Caf\u00e9\",\"description\":\"Jolie Lounge &amp; Caf\u00e9 is a fresh and relaxed restaurant in the heart of \u00c4k\u00e4slompolo, Yll\u00e4s.\",\"publisher\":{\"@id\":\"https:\\\/\\\/jolieloungecafe.fi\\\/#organization\"},\"alternateName\":\"Jolie Restaurant\",\"potentialAction\":[{\"@type\":\"SearchAction\",\"target\":{\"@type\":\"EntryPoint\",\"urlTemplate\":\"https:\\\/\\\/jolieloungecafe.fi\\\/?s={search_term_string}\"},\"query-input\":{\"@type\":\"PropertyValueSpecification\",\"valueRequired\":true,\"valueName\":\"search_term_string\"}}],\"inLanguage\":\"en-US\"},{\"@type\":\"Organization\",\"@id\":\"https:\\\/\\\/jolieloungecafe.fi\\\/#organization\",\"name\":\"Jolie Lounge & Caf\u00e9\",\"alternateName\":\"Jolie Restaurant \u00c4k\u00e4slompolo\",\"url\":\"https:\\\/\\\/jolieloungecafe.fi\\\/\",\"logo\":{\"@type\":\"ImageObject\",\"inLanguage\":\"en-US\",\"@id\":\"https:\\\/\\\/jolieloungecafe.fi\\\/#\\\/schema\\\/logo\\\/image\\\/\",\"url\":\"https:\\\/\\\/i0.wp.com\\\/jolieloungecafe.fi\\\/cW8H\\\/wp-content\\\/uploads\\\/2022\\\/10\\\/cropped-jolie-lounge-cafe-1.png?fit=512%2C512&ssl=1\",\"contentUrl\":\"https:\\\/\\\/i0.wp.com\\\/jolieloungecafe.fi\\\/cW8H\\\/wp-content\\\/uploads\\\/2022\\\/10\\\/cropped-jolie-lounge-cafe-1.png?fit=512%2C512&ssl=1\",\"width\":512,\"height\":512,\"caption\":\"Jolie Lounge & Caf\u00e9\"},\"image\":{\"@id\":\"https:\\\/\\\/jolieloungecafe.fi\\\/#\\\/schema\\\/logo\\\/image\\\/\"},\"sameAs\":[\"https:\\\/\\\/www.facebook.com\\\/jolieloungecafe\",\"https:\\\/\\\/www.instagram.com\\\/jolieloungecafe\\\/\"]}]}<\/script>\n<!-- \/ Yoast SEO plugin. -->","yoast_head_json":{"title":"Contact - Jolie Lounge &amp; Caf\u00e9","robots":{"index":"index","follow":"follow","max-snippet":"max-snippet:-1","max-image-preview":"max-image-preview:large","max-video-preview":"max-video-preview:-1"},"canonical":"https:\/\/jolieloungecafe.fi\/en\/contact\/","og_locale":"en_US","og_type":"article","og_title":"Contact - Jolie Lounge &amp; Caf\u00e9","og_description":"Jolie Lounge &amp; Caf\u00e9 +358 41 318 9227 info(a)jolieloungecafe.fi Cake orders in \u00c4k\u00e4slompolo: Inkku +358 45 130 1204 &nbsp;","og_url":"https:\/\/jolieloungecafe.fi\/en\/contact\/","og_site_name":"Jolie Lounge &amp; Caf\u00e9","article_publisher":"https:\/\/www.facebook.com\/jolieloungecafe","article_modified_time":"2025-12-16T21:03:23+00:00","og_image":[{"width":2000,"height":1125,"url":"https:\/\/jolieloungecafe.fi\/cW8H\/wp-content\/uploads\/2023\/03\/sijainti.jpg","type":"image\/jpeg"}],"twitter_card":"summary_large_image","twitter_misc":{"Est. reading time":"1 minute"},"schema":{"@context":"https:\/\/schema.org","@graph":[{"@type":"WebPage","@id":"https:\/\/jolieloungecafe.fi\/en\/contact\/","url":"https:\/\/jolieloungecafe.fi\/en\/contact\/","name":"Contact - Jolie Lounge &amp; Caf\u00e9","isPartOf":{"@id":"https:\/\/jolieloungecafe.fi\/#website"},"primaryImageOfPage":{"@id":"https:\/\/jolieloungecafe.fi\/en\/contact\/#primaryimage"},"image":{"@id":"https:\/\/jolieloungecafe.fi\/en\/contact\/#primaryimage"},"thumbnailUrl":"https:\/\/i0.wp.com\/jolieloungecafe.fi\/cW8H\/wp-content\/uploads\/2023\/03\/sijainti.jpg?fit=2000%2C1125&ssl=1","datePublished":"2022-12-15T12:59:29+00:00","dateModified":"2025-12-16T21:03:23+00:00","breadcrumb":{"@id":"https:\/\/jolieloungecafe.fi\/en\/contact\/#breadcrumb"},"inLanguage":"en-US","potentialAction":[{"@type":"ReadAction","target":["https:\/\/jolieloungecafe.fi\/en\/contact\/"]}]},{"@type":"ImageObject","inLanguage":"en-US","@id":"https:\/\/jolieloungecafe.fi\/en\/contact\/#primaryimage","url":"https:\/\/i0.wp.com\/jolieloungecafe.fi\/cW8H\/wp-content\/uploads\/2023\/03\/sijainti.jpg?fit=2000%2C1125&ssl=1","contentUrl":"https:\/\/i0.wp.com\/jolieloungecafe.fi\/cW8H\/wp-content\/uploads\/2023\/03\/sijainti.jpg?fit=2000%2C1125&ssl=1","width":2000,"height":1125,"caption":"Jolie Lounge & Caf\u00e9 location"},{"@type":"BreadcrumbList","@id":"https:\/\/jolieloungecafe.fi\/en\/contact\/#breadcrumb","itemListElement":[{"@type":"ListItem","position":1,"name":"Etusivu","item":"https:\/\/jolieloungecafe.fi\/en\/"},{"@type":"ListItem","position":2,"name":"Contact"}]},{"@type":"WebSite","@id":"https:\/\/jolieloungecafe.fi\/#website","url":"https:\/\/jolieloungecafe.fi\/","name":"Jolie Lounge & Caf\u00e9","description":"Jolie Lounge &amp; Caf\u00e9 is a fresh and relaxed restaurant in the heart of \u00c4k\u00e4slompolo, Yll\u00e4s.","publisher":{"@id":"https:\/\/jolieloungecafe.fi\/#organization"},"alternateName":"Jolie Restaurant","potentialAction":[{"@type":"SearchAction","target":{"@type":"EntryPoint","urlTemplate":"https:\/\/jolieloungecafe.fi\/?s={search_term_string}"},"query-input":{"@type":"PropertyValueSpecification","valueRequired":true,"valueName":"search_term_string"}}],"inLanguage":"en-US"},{"@type":"Organization","@id":"https:\/\/jolieloungecafe.fi\/#organization","name":"Jolie Lounge & Caf\u00e9","alternateName":"Jolie Restaurant \u00c4k\u00e4slompolo","url":"https:\/\/jolieloungecafe.fi\/","logo":{"@type":"ImageObject","inLanguage":"en-US","@id":"https:\/\/jolieloungecafe.fi\/#\/schema\/logo\/image\/","url":"https:\/\/i0.wp.com\/jolieloungecafe.fi\/cW8H\/wp-content\/uploads\/2022\/10\/cropped-jolie-lounge-cafe-1.png?fit=512%2C512&ssl=1","contentUrl":"https:\/\/i0.wp.com\/jolieloungecafe.fi\/cW8H\/wp-content\/uploads\/2022\/10\/cropped-jolie-lounge-cafe-1.png?fit=512%2C512&ssl=1","width":512,"height":512,"caption":"Jolie Lounge & Caf\u00e9"},"image":{"@id":"https:\/\/jolieloungecafe.fi\/#\/schema\/logo\/image\/"},"sameAs":["https:\/\/www.facebook.com\/jolieloungecafe","https:\/\/www.instagram.com\/jolieloungecafe\/"]}]}},"jetpack_sharing_enabled":true,"_links":{"self":[{"href":"https:\/\/jolieloungecafe.fi\/en\/wp-json\/wp\/v2\/pages\/191","targetHints":{"allow":["GET"]}}],"collection":[{"href":"https:\/\/jolieloungecafe.fi\/en\/wp-json\/wp\/v2\/pages"}],"about":[{"href":"https:\/\/jolieloungecafe.fi\/en\/wp-json\/wp\/v2\/types\/page"}],"author":[{"embeddable":true,"href":"https:\/\/jolieloungecafe.fi\/en\/wp-json\/wp\/v2\/users\/1"}],"replies":[{"embeddable":true,"href":"https:\/\/jolieloungecafe.fi\/en\/wp-json\/wp\/v2\/comments?post=191"}],"version-history":[{"count":37,"href":"https:\/\/jolieloungecafe.fi\/en\/wp-json\/wp\/v2\/pages\/191\/revisions"}],"predecessor-version":[{"id":1918,"href":"https:\/\/jolieloungecafe.fi\/en\/wp-json\/wp\/v2\/pages\/191\/revisions\/1918"}],"wp:featuredmedia":[{"embeddable":true,"href":"https:\/\/jolieloungecafe.fi\/en\/wp-json\/wp\/v2\/media\/161"}],"wp:attachment":[{"href":"https:\/\/jolieloungecafe.fi\/en\/wp-json\/wp\/v2\/media?parent=191"}],"curies":[{"name":"wp","href":"https:\/\/api.w.org\/{rel}","templated":true}]}}