{"id":187,"date":"2022-12-15T11:10:52","date_gmt":"2022-12-15T11:10:52","guid":{"rendered":"https:\/\/jolieloungecafe.fi\/cW8H\/22-2\/"},"modified":"2026-02-03T10:14:45","modified_gmt":"2026-02-03T10:14:45","slug":"22-2","status":"publish","type":"page","link":"https:\/\/jolieloungecafe.fi\/en\/","title":{"rendered":"Jolie Lounge &#038; Caf\u00e9"},"content":{"rendered":"<h2>Jolie Lounge &amp; Caf\u00e9 is moving to South-Finland!<\/h2>\n<p>I did not find a new space for Jolie in Yll\u00e4s. I found it a little further away. This lovely place called Vanha-Norri in Kaukj\u00e4rvi, in the Forssa-Tammela area, popped up in front of my nose in August and the pieces started to fall into place. The property will provide a new home for both Jolie and my family. There is space and I have ideas for filling the many spaces there. Now the deed is signed and I can start planning the continuation of Jolie&#8217;s story.<\/p>\n<p><a href=\"https:\/\/jolieloungecafe.fi\/en\/about-us\/\">Read more<\/a><\/p>\n<h2>Jolie Lounge &amp; Caf\u00e9 is closed from 18.5.2025 onward.<\/h2>\n<p>Jolie&#8217;s story at Sivulantie 4 was wonderful despite all the challenges and setbacks. We had amazing guests, wonderful events, delicious food and the best terrace and views in the village. A big thank you to everyone who was a part of our story!<\/p>\n<h2>Cakes will continue to be available in the Yll\u00e4s area!<\/h2>\n<p>Although there are no more restaurant in \u00c4k\u00e4slompolo, our products can still be enjoyed in the Yll\u00e4s area, as Inkku will continue as a Jolie home baker. Now Jolie Lounge &amp; Caf\u00e9&#8217;s favourite <a href=\"https:\/\/jolieloungecafe.fi\/en\/products\/\">cakes and pies can be ordered<\/a> from her.<\/p>\n<p>You can also visit <a href=\"https:\/\/karilantila.fi\/\" target=\"_blank\" rel=\"noopener\">Karilan Navettagalleria<\/a> or <a href=\"https:\/\/yllas.fi\/en\/restaurant\/kesangin-keidas\/\" target=\"_blank\" rel=\"noopener\">Kes\u00e4ngin Keid\u00e4s<\/a> for a piece of Jolie&#8217;s cakes.<\/p>\n<p>&nbsp;<\/p>\n","protected":false},"excerpt":{"rendered":"<p>Jolie Lounge &amp; Caf\u00e9 is moving to South-Finland! I did not find a new space for Jolie in Yll\u00e4s. I found it a little further away. This lovely place called Vanha-Norri in Kaukj\u00e4rvi, in the Forssa-Tammela area, popped up in front of my nose in August and the pieces started to fall into place. The &hellip; <\/p>\n<p class=\"link-more\"><a href=\"https:\/\/jolieloungecafe.fi\/en\/\" class=\"more-link\">Continue reading<span class=\"screen-reader-text\"> &#8220;Jolie Lounge &#038; Caf\u00e9&#8221;<\/span><\/a><\/p>\n","protected":false},"author":1,"featured_media":232,"parent":0,"menu_order":0,"comment_status":"closed","ping_status":"closed","template":"","meta":{"footnotes":""},"class_list":["post-187","page","type-page","status-publish","has-post-thumbnail","hentry"],"yoast_head":"<!-- This site is optimized with the Yoast SEO plugin v27.4 - https:\/\/yoast.com\/product\/yoast-seo-wordpress\/ -->\n<title>Jolie Lounge &amp; Caf\u00e9 - Jolie Lounge &amp; Caf\u00e9<\/title>\n<meta name=\"description\" content=\"Jolie Lounge &amp; Caf\u00e9 is moving to Vanha-Norri in Kaukj\u00e4rvi (Forssa-Tammela) and will open in February 2026.\" \/>\n<meta name=\"robots\" content=\"index, follow, max-snippet:-1, max-image-preview:large, max-video-preview:-1\" \/>\n<link rel=\"canonical\" href=\"https:\/\/jolieloungecafe.fi\/en\/\" \/>\n<meta property=\"og:locale\" content=\"en_US\" \/>\n<meta property=\"og:type\" content=\"article\" \/>\n<meta property=\"og:title\" content=\"Jolie Lounge &amp; Caf\u00e9 - Jolie Lounge &amp; Caf\u00e9\" \/>\n<meta property=\"og:description\" content=\"Jolie Lounge &amp; Caf\u00e9 is moving to Vanha-Norri in Kaukj\u00e4rvi (Forssa-Tammela) and will open in February 2026.\" \/>\n<meta property=\"og:url\" content=\"https:\/\/jolieloungecafe.fi\/en\/\" \/>\n<meta property=\"og:site_name\" content=\"Jolie Lounge &amp; Caf\u00e9\" \/>\n<meta property=\"article:publisher\" content=\"https:\/\/www.facebook.com\/jolieloungecafe\" \/>\n<meta property=\"article:modified_time\" content=\"2026-02-03T10:14:45+00:00\" \/>\n<meta property=\"og:image\" content=\"https:\/\/jolieloungecafe.fi\/cW8H\/wp-content\/uploads\/2023\/03\/luonnosta-lautaselle.jpg\" \/>\n\t<meta property=\"og:image:width\" content=\"2000\" \/>\n\t<meta property=\"og:image:height\" content=\"1125\" \/>\n\t<meta property=\"og:image:type\" content=\"image\/jpeg\" \/>\n<meta name=\"twitter:card\" content=\"summary_large_image\" \/>\n<meta name=\"twitter:label1\" content=\"Est. reading time\" \/>\n\t<meta name=\"twitter:data1\" content=\"2 minutes\" \/>\n<script type=\"application\/ld+json\" class=\"yoast-schema-graph\">{\"@context\":\"https:\\\/\\\/schema.org\",\"@graph\":[{\"@type\":\"WebPage\",\"@id\":\"https:\\\/\\\/jolieloungecafe.fi\\\/en\\\/\",\"url\":\"https:\\\/\\\/jolieloungecafe.fi\\\/en\\\/\",\"name\":\"Jolie Lounge & Caf\u00e9 - Jolie Lounge &amp; Caf\u00e9\",\"isPartOf\":{\"@id\":\"https:\\\/\\\/jolieloungecafe.fi\\\/#website\"},\"primaryImageOfPage\":{\"@id\":\"https:\\\/\\\/jolieloungecafe.fi\\\/en\\\/#primaryimage\"},\"image\":{\"@id\":\"https:\\\/\\\/jolieloungecafe.fi\\\/en\\\/#primaryimage\"},\"thumbnailUrl\":\"https:\\\/\\\/i0.wp.com\\\/jolieloungecafe.fi\\\/cW8H\\\/wp-content\\\/uploads\\\/2023\\\/03\\\/luonnosta-lautaselle.jpg?fit=2000%2C1125&ssl=1\",\"datePublished\":\"2022-12-15T11:10:52+00:00\",\"dateModified\":\"2026-02-03T10:14:45+00:00\",\"description\":\"Jolie Lounge & Caf\u00e9 is moving to Vanha-Norri in Kaukj\u00e4rvi (Forssa-Tammela) and will open in February 2026.\",\"breadcrumb\":{\"@id\":\"https:\\\/\\\/jolieloungecafe.fi\\\/en\\\/#breadcrumb\"},\"inLanguage\":\"en-US\",\"potentialAction\":[{\"@type\":\"ReadAction\",\"target\":[\"https:\\\/\\\/jolieloungecafe.fi\\\/en\\\/\"]}]},{\"@type\":\"ImageObject\",\"inLanguage\":\"en-US\",\"@id\":\"https:\\\/\\\/jolieloungecafe.fi\\\/en\\\/#primaryimage\",\"url\":\"https:\\\/\\\/i0.wp.com\\\/jolieloungecafe.fi\\\/cW8H\\\/wp-content\\\/uploads\\\/2023\\\/03\\\/luonnosta-lautaselle.jpg?fit=2000%2C1125&ssl=1\",\"contentUrl\":\"https:\\\/\\\/i0.wp.com\\\/jolieloungecafe.fi\\\/cW8H\\\/wp-content\\\/uploads\\\/2023\\\/03\\\/luonnosta-lautaselle.jpg?fit=2000%2C1125&ssl=1\",\"width\":2000,\"height\":1125,\"caption\":\"Jolie Lounge & Caf\u00e9 from nature to plate\"},{\"@type\":\"BreadcrumbList\",\"@id\":\"https:\\\/\\\/jolieloungecafe.fi\\\/en\\\/#breadcrumb\",\"itemListElement\":[{\"@type\":\"ListItem\",\"position\":1,\"name\":\"Etusivu\",\"item\":\"https:\\\/\\\/jolieloungecafe.fi\\\/en\\\/\"},{\"@type\":\"ListItem\",\"position\":2,\"name\":\"Jolie Lounge &#038; Caf\u00e9\"}]},{\"@type\":\"WebSite\",\"@id\":\"https:\\\/\\\/jolieloungecafe.fi\\\/#website\",\"url\":\"https:\\\/\\\/jolieloungecafe.fi\\\/\",\"name\":\"Jolie Lounge & Caf\u00e9\",\"description\":\"Jolie Lounge &amp; Caf\u00e9 is a fresh and relaxed restaurant in the heart of \u00c4k\u00e4slompolo, Yll\u00e4s.\",\"publisher\":{\"@id\":\"https:\\\/\\\/jolieloungecafe.fi\\\/#organization\"},\"alternateName\":\"Jolie Restaurant\",\"potentialAction\":[{\"@type\":\"SearchAction\",\"target\":{\"@type\":\"EntryPoint\",\"urlTemplate\":\"https:\\\/\\\/jolieloungecafe.fi\\\/?s={search_term_string}\"},\"query-input\":{\"@type\":\"PropertyValueSpecification\",\"valueRequired\":true,\"valueName\":\"search_term_string\"}}],\"inLanguage\":\"en-US\"},{\"@type\":\"Organization\",\"@id\":\"https:\\\/\\\/jolieloungecafe.fi\\\/#organization\",\"name\":\"Jolie Lounge & Caf\u00e9\",\"alternateName\":\"Jolie Restaurant \u00c4k\u00e4slompolo\",\"url\":\"https:\\\/\\\/jolieloungecafe.fi\\\/\",\"logo\":{\"@type\":\"ImageObject\",\"inLanguage\":\"en-US\",\"@id\":\"https:\\\/\\\/jolieloungecafe.fi\\\/#\\\/schema\\\/logo\\\/image\\\/\",\"url\":\"https:\\\/\\\/i0.wp.com\\\/jolieloungecafe.fi\\\/cW8H\\\/wp-content\\\/uploads\\\/2022\\\/10\\\/cropped-jolie-lounge-cafe-1.png?fit=512%2C512&ssl=1\",\"contentUrl\":\"https:\\\/\\\/i0.wp.com\\\/jolieloungecafe.fi\\\/cW8H\\\/wp-content\\\/uploads\\\/2022\\\/10\\\/cropped-jolie-lounge-cafe-1.png?fit=512%2C512&ssl=1\",\"width\":512,\"height\":512,\"caption\":\"Jolie Lounge & Caf\u00e9\"},\"image\":{\"@id\":\"https:\\\/\\\/jolieloungecafe.fi\\\/#\\\/schema\\\/logo\\\/image\\\/\"},\"sameAs\":[\"https:\\\/\\\/www.facebook.com\\\/jolieloungecafe\",\"https:\\\/\\\/www.instagram.com\\\/jolieloungecafe\\\/\"]}]}<\/script>\n<!-- \/ Yoast SEO plugin. -->","yoast_head_json":{"title":"Jolie Lounge & Caf\u00e9 - Jolie Lounge &amp; Caf\u00e9","description":"Jolie Lounge & Caf\u00e9 is moving to Vanha-Norri in Kaukj\u00e4rvi (Forssa-Tammela) and will open in February 2026.","robots":{"index":"index","follow":"follow","max-snippet":"max-snippet:-1","max-image-preview":"max-image-preview:large","max-video-preview":"max-video-preview:-1"},"canonical":"https:\/\/jolieloungecafe.fi\/en\/","og_locale":"en_US","og_type":"article","og_title":"Jolie Lounge & Caf\u00e9 - Jolie Lounge &amp; Caf\u00e9","og_description":"Jolie Lounge & Caf\u00e9 is moving to Vanha-Norri in Kaukj\u00e4rvi (Forssa-Tammela) and will open in February 2026.","og_url":"https:\/\/jolieloungecafe.fi\/en\/","og_site_name":"Jolie Lounge &amp; Caf\u00e9","article_publisher":"https:\/\/www.facebook.com\/jolieloungecafe","article_modified_time":"2026-02-03T10:14:45+00:00","og_image":[{"width":2000,"height":1125,"url":"https:\/\/jolieloungecafe.fi\/cW8H\/wp-content\/uploads\/2023\/03\/luonnosta-lautaselle.jpg","type":"image\/jpeg"}],"twitter_card":"summary_large_image","twitter_misc":{"Est. reading time":"2 minutes"},"schema":{"@context":"https:\/\/schema.org","@graph":[{"@type":"WebPage","@id":"https:\/\/jolieloungecafe.fi\/en\/","url":"https:\/\/jolieloungecafe.fi\/en\/","name":"Jolie Lounge & Caf\u00e9 - Jolie Lounge &amp; Caf\u00e9","isPartOf":{"@id":"https:\/\/jolieloungecafe.fi\/#website"},"primaryImageOfPage":{"@id":"https:\/\/jolieloungecafe.fi\/en\/#primaryimage"},"image":{"@id":"https:\/\/jolieloungecafe.fi\/en\/#primaryimage"},"thumbnailUrl":"https:\/\/i0.wp.com\/jolieloungecafe.fi\/cW8H\/wp-content\/uploads\/2023\/03\/luonnosta-lautaselle.jpg?fit=2000%2C1125&ssl=1","datePublished":"2022-12-15T11:10:52+00:00","dateModified":"2026-02-03T10:14:45+00:00","description":"Jolie Lounge & Caf\u00e9 is moving to Vanha-Norri in Kaukj\u00e4rvi (Forssa-Tammela) and will open in February 2026.","breadcrumb":{"@id":"https:\/\/jolieloungecafe.fi\/en\/#breadcrumb"},"inLanguage":"en-US","potentialAction":[{"@type":"ReadAction","target":["https:\/\/jolieloungecafe.fi\/en\/"]}]},{"@type":"ImageObject","inLanguage":"en-US","@id":"https:\/\/jolieloungecafe.fi\/en\/#primaryimage","url":"https:\/\/i0.wp.com\/jolieloungecafe.fi\/cW8H\/wp-content\/uploads\/2023\/03\/luonnosta-lautaselle.jpg?fit=2000%2C1125&ssl=1","contentUrl":"https:\/\/i0.wp.com\/jolieloungecafe.fi\/cW8H\/wp-content\/uploads\/2023\/03\/luonnosta-lautaselle.jpg?fit=2000%2C1125&ssl=1","width":2000,"height":1125,"caption":"Jolie Lounge & Caf\u00e9 from nature to plate"},{"@type":"BreadcrumbList","@id":"https:\/\/jolieloungecafe.fi\/en\/#breadcrumb","itemListElement":[{"@type":"ListItem","position":1,"name":"Etusivu","item":"https:\/\/jolieloungecafe.fi\/en\/"},{"@type":"ListItem","position":2,"name":"Jolie Lounge &#038; Caf\u00e9"}]},{"@type":"WebSite","@id":"https:\/\/jolieloungecafe.fi\/#website","url":"https:\/\/jolieloungecafe.fi\/","name":"Jolie Lounge & Caf\u00e9","description":"Jolie Lounge &amp; Caf\u00e9 is a fresh and relaxed restaurant in the heart of \u00c4k\u00e4slompolo, Yll\u00e4s.","publisher":{"@id":"https:\/\/jolieloungecafe.fi\/#organization"},"alternateName":"Jolie Restaurant","potentialAction":[{"@type":"SearchAction","target":{"@type":"EntryPoint","urlTemplate":"https:\/\/jolieloungecafe.fi\/?s={search_term_string}"},"query-input":{"@type":"PropertyValueSpecification","valueRequired":true,"valueName":"search_term_string"}}],"inLanguage":"en-US"},{"@type":"Organization","@id":"https:\/\/jolieloungecafe.fi\/#organization","name":"Jolie Lounge & Caf\u00e9","alternateName":"Jolie Restaurant \u00c4k\u00e4slompolo","url":"https:\/\/jolieloungecafe.fi\/","logo":{"@type":"ImageObject","inLanguage":"en-US","@id":"https:\/\/jolieloungecafe.fi\/#\/schema\/logo\/image\/","url":"https:\/\/i0.wp.com\/jolieloungecafe.fi\/cW8H\/wp-content\/uploads\/2022\/10\/cropped-jolie-lounge-cafe-1.png?fit=512%2C512&ssl=1","contentUrl":"https:\/\/i0.wp.com\/jolieloungecafe.fi\/cW8H\/wp-content\/uploads\/2022\/10\/cropped-jolie-lounge-cafe-1.png?fit=512%2C512&ssl=1","width":512,"height":512,"caption":"Jolie Lounge & Caf\u00e9"},"image":{"@id":"https:\/\/jolieloungecafe.fi\/#\/schema\/logo\/image\/"},"sameAs":["https:\/\/www.facebook.com\/jolieloungecafe","https:\/\/www.instagram.com\/jolieloungecafe\/"]}]}},"jetpack_sharing_enabled":true,"_links":{"self":[{"href":"https:\/\/jolieloungecafe.fi\/en\/wp-json\/wp\/v2\/pages\/187","targetHints":{"allow":["GET"]}}],"collection":[{"href":"https:\/\/jolieloungecafe.fi\/en\/wp-json\/wp\/v2\/pages"}],"about":[{"href":"https:\/\/jolieloungecafe.fi\/en\/wp-json\/wp\/v2\/types\/page"}],"author":[{"embeddable":true,"href":"https:\/\/jolieloungecafe.fi\/en\/wp-json\/wp\/v2\/users\/1"}],"replies":[{"embeddable":true,"href":"https:\/\/jolieloungecafe.fi\/en\/wp-json\/wp\/v2\/comments?post=187"}],"version-history":[{"count":103,"href":"https:\/\/jolieloungecafe.fi\/en\/wp-json\/wp\/v2\/pages\/187\/revisions"}],"predecessor-version":[{"id":1913,"href":"https:\/\/jolieloungecafe.fi\/en\/wp-json\/wp\/v2\/pages\/187\/revisions\/1913"}],"wp:featuredmedia":[{"embeddable":true,"href":"https:\/\/jolieloungecafe.fi\/en\/wp-json\/wp\/v2\/media\/232"}],"wp:attachment":[{"href":"https:\/\/jolieloungecafe.fi\/en\/wp-json\/wp\/v2\/media?parent=187"}],"curies":[{"name":"wp","href":"https:\/\/api.w.org\/{rel}","templated":true}]}}