{"id":168,"date":"2022-12-15T12:59:29","date_gmt":"2022-12-15T12:59:29","guid":{"rendered":"https:\/\/jolieloungecafe.fi\/cW8H\/meista\/"},"modified":"2026-04-17T09:18:53","modified_gmt":"2026-04-17T09:18:53","slug":"about-us","status":"publish","type":"page","link":"https:\/\/jolieloungecafe.fi\/en\/about-us\/","title":{"rendered":"About us"},"content":{"rendered":"<h2>Jolie is moving to South-Finland!<\/h2>\n<p>Jolie Lounge &amp; Caf\u00e9 opened its doors in December 2020. The menu changed with the eight seasons here in Lapland and invited everyone to drop in to eat, drink coffee or enjoy our unique cocktails alone, with a friend or a bigger group. Over the course of the past years Jolie had become a popular meeting place where we also organized brunches, themed Friday Night Dinners, music lounge evenings with a live DJ and other interesting events.<\/p>\n<p>Jolie Lounge &amp; Caf\u00e9 closed its doors in \u00c4k\u00e4slompolo in mid-May 2025. Our story did not end with bankruptcy, burnout or loss of interest, but with the landlord&#8217;s desire to take the business premises for his own use starting from June 1st 2025. With a heavy heart we had to give up our beloved place in the heart of \u00c4k\u00e4slompolo at the end of May, as our lease agreement was not extended extended.<\/p>\n<h3 dir=\"auto\">When one door closes, another one opens&#8230;<\/h3>\n<p>For a long time I thought about how I could continue Jolie Lounge &amp; Caf\u00e9. What do I really want: to downsize or expand, more space for creativity and well-being, or more catering? What if there is nothing in Yll\u00e4s, what then? Am I ready to move somewhere else? I then decided that I would go where I find the right place. I did not find it in Yll\u00e4s.<\/p>\n<p>I found it a little further away. This lovely place called <a href=\"https:\/\/vanha-norri.fi\/\">Vanha-Norri<\/a> in Kaukj\u00e4rvi (Forssa-Tammela region) popped up in front of my nose in August and the pieces started to fall into place. The property will provide a new home for both Jolie and my family. There is space and I have ideas for filling the many spaces there. Now the deed is signed and I can start planning the continuation of Jolie&#8217;s story. From mid February 2026 the new address will be Kaukj\u00e4rventie 362, Forssa-Tammela.<\/p>\n<p>A return to Yll\u00e4s sometime in the future is still possible.<\/p>\n<h3>Thank you and see you soon<\/h3>\n<p>I would like to thank all our guests, partners, past employees, suppliers, supporters and friends for this wonderful five-year adventure!<\/p>\n<p>I hope to be seeing you again at Jolie Vanha-Norri!<\/p>\n","protected":false},"excerpt":{"rendered":"<p>Jolie is moving to South-Finland! Jolie Lounge &amp; Caf\u00e9 opened its doors in December 2020. The menu changed with the eight seasons here in Lapland and invited everyone to drop in to eat, drink coffee or enjoy our unique cocktails alone, with a friend or a bigger group. Over the course of the past years &hellip; <\/p>\n<p class=\"link-more\"><a href=\"https:\/\/jolieloungecafe.fi\/en\/about-us\/\" class=\"more-link\">Continue reading<span class=\"screen-reader-text\"> &#8220;About us&#8221;<\/span><\/a><\/p>\n","protected":false},"author":1,"featured_media":1938,"parent":0,"menu_order":0,"comment_status":"closed","ping_status":"closed","template":"","meta":{"footnotes":""},"class_list":["post-168","page","type-page","status-publish","has-post-thumbnail","hentry"],"yoast_head":"<!-- This site is optimized with the Yoast SEO plugin v27.4 - https:\/\/yoast.com\/product\/yoast-seo-wordpress\/ -->\n<title>About us - Jolie Lounge &amp; Caf\u00e9<\/title>\n<meta name=\"robots\" content=\"index, follow, max-snippet:-1, max-image-preview:large, max-video-preview:-1\" \/>\n<link rel=\"canonical\" href=\"https:\/\/jolieloungecafe.fi\/en\/about-us\/\" \/>\n<meta property=\"og:locale\" content=\"en_US\" \/>\n<meta property=\"og:type\" content=\"article\" \/>\n<meta property=\"og:title\" content=\"About us - Jolie Lounge &amp; Caf\u00e9\" \/>\n<meta property=\"og:description\" content=\"Jolie is moving to South-Finland! Jolie Lounge &amp; Caf\u00e9 opened its doors in December 2020. The menu changed with the eight seasons here in Lapland and invited everyone to drop in to eat, drink coffee or enjoy our unique cocktails alone, with a friend or a bigger group. Over the course of the past years &hellip; Continue reading &quot;About us&quot;\" \/>\n<meta property=\"og:url\" content=\"https:\/\/jolieloungecafe.fi\/en\/about-us\/\" \/>\n<meta property=\"og:site_name\" content=\"Jolie Lounge &amp; Caf\u00e9\" \/>\n<meta property=\"article:publisher\" content=\"https:\/\/www.facebook.com\/jolieloungecafe\" \/>\n<meta property=\"article:modified_time\" content=\"2026-04-17T09:18:53+00:00\" \/>\n<meta property=\"og:image\" content=\"https:\/\/jolieloungecafe.fi\/cW8H\/wp-content\/uploads\/2026\/04\/meista-Vanha-Norri.jpg\" \/>\n\t<meta property=\"og:image:width\" content=\"2000\" \/>\n\t<meta property=\"og:image:height\" content=\"1125\" \/>\n\t<meta property=\"og:image:type\" content=\"image\/jpeg\" \/>\n<meta name=\"twitter:card\" content=\"summary_large_image\" \/>\n<meta name=\"twitter:label1\" content=\"Est. reading time\" \/>\n\t<meta name=\"twitter:data1\" content=\"3 minutes\" \/>\n<script type=\"application\/ld+json\" class=\"yoast-schema-graph\">{\"@context\":\"https:\\\/\\\/schema.org\",\"@graph\":[{\"@type\":\"WebPage\",\"@id\":\"https:\\\/\\\/jolieloungecafe.fi\\\/en\\\/about-us\\\/\",\"url\":\"https:\\\/\\\/jolieloungecafe.fi\\\/en\\\/about-us\\\/\",\"name\":\"About us - Jolie Lounge &amp; Caf\u00e9\",\"isPartOf\":{\"@id\":\"https:\\\/\\\/jolieloungecafe.fi\\\/#website\"},\"primaryImageOfPage\":{\"@id\":\"https:\\\/\\\/jolieloungecafe.fi\\\/en\\\/about-us\\\/#primaryimage\"},\"image\":{\"@id\":\"https:\\\/\\\/jolieloungecafe.fi\\\/en\\\/about-us\\\/#primaryimage\"},\"thumbnailUrl\":\"https:\\\/\\\/i0.wp.com\\\/jolieloungecafe.fi\\\/cW8H\\\/wp-content\\\/uploads\\\/2026\\\/04\\\/meista-Vanha-Norri.jpg?fit=2000%2C1125&ssl=1\",\"datePublished\":\"2022-12-15T12:59:29+00:00\",\"dateModified\":\"2026-04-17T09:18:53+00:00\",\"breadcrumb\":{\"@id\":\"https:\\\/\\\/jolieloungecafe.fi\\\/en\\\/about-us\\\/#breadcrumb\"},\"inLanguage\":\"en-US\",\"potentialAction\":[{\"@type\":\"ReadAction\",\"target\":[\"https:\\\/\\\/jolieloungecafe.fi\\\/en\\\/about-us\\\/\"]}]},{\"@type\":\"ImageObject\",\"inLanguage\":\"en-US\",\"@id\":\"https:\\\/\\\/jolieloungecafe.fi\\\/en\\\/about-us\\\/#primaryimage\",\"url\":\"https:\\\/\\\/i0.wp.com\\\/jolieloungecafe.fi\\\/cW8H\\\/wp-content\\\/uploads\\\/2026\\\/04\\\/meista-Vanha-Norri.jpg?fit=2000%2C1125&ssl=1\",\"contentUrl\":\"https:\\\/\\\/i0.wp.com\\\/jolieloungecafe.fi\\\/cW8H\\\/wp-content\\\/uploads\\\/2026\\\/04\\\/meista-Vanha-Norri.jpg?fit=2000%2C1125&ssl=1\",\"width\":2000,\"height\":1125},{\"@type\":\"BreadcrumbList\",\"@id\":\"https:\\\/\\\/jolieloungecafe.fi\\\/en\\\/about-us\\\/#breadcrumb\",\"itemListElement\":[{\"@type\":\"ListItem\",\"position\":1,\"name\":\"Etusivu\",\"item\":\"https:\\\/\\\/jolieloungecafe.fi\\\/en\\\/\"},{\"@type\":\"ListItem\",\"position\":2,\"name\":\"About us\"}]},{\"@type\":\"WebSite\",\"@id\":\"https:\\\/\\\/jolieloungecafe.fi\\\/#website\",\"url\":\"https:\\\/\\\/jolieloungecafe.fi\\\/\",\"name\":\"Jolie Lounge & Caf\u00e9\",\"description\":\"Jolie Lounge &amp; Caf\u00e9 is a fresh and relaxed restaurant in the heart of \u00c4k\u00e4slompolo, Yll\u00e4s.\",\"publisher\":{\"@id\":\"https:\\\/\\\/jolieloungecafe.fi\\\/#organization\"},\"alternateName\":\"Jolie Restaurant\",\"potentialAction\":[{\"@type\":\"SearchAction\",\"target\":{\"@type\":\"EntryPoint\",\"urlTemplate\":\"https:\\\/\\\/jolieloungecafe.fi\\\/?s={search_term_string}\"},\"query-input\":{\"@type\":\"PropertyValueSpecification\",\"valueRequired\":true,\"valueName\":\"search_term_string\"}}],\"inLanguage\":\"en-US\"},{\"@type\":\"Organization\",\"@id\":\"https:\\\/\\\/jolieloungecafe.fi\\\/#organization\",\"name\":\"Jolie Lounge & Caf\u00e9\",\"alternateName\":\"Jolie Restaurant \u00c4k\u00e4slompolo\",\"url\":\"https:\\\/\\\/jolieloungecafe.fi\\\/\",\"logo\":{\"@type\":\"ImageObject\",\"inLanguage\":\"en-US\",\"@id\":\"https:\\\/\\\/jolieloungecafe.fi\\\/#\\\/schema\\\/logo\\\/image\\\/\",\"url\":\"https:\\\/\\\/i0.wp.com\\\/jolieloungecafe.fi\\\/cW8H\\\/wp-content\\\/uploads\\\/2022\\\/10\\\/cropped-jolie-lounge-cafe-1.png?fit=512%2C512&ssl=1\",\"contentUrl\":\"https:\\\/\\\/i0.wp.com\\\/jolieloungecafe.fi\\\/cW8H\\\/wp-content\\\/uploads\\\/2022\\\/10\\\/cropped-jolie-lounge-cafe-1.png?fit=512%2C512&ssl=1\",\"width\":512,\"height\":512,\"caption\":\"Jolie Lounge & Caf\u00e9\"},\"image\":{\"@id\":\"https:\\\/\\\/jolieloungecafe.fi\\\/#\\\/schema\\\/logo\\\/image\\\/\"},\"sameAs\":[\"https:\\\/\\\/www.facebook.com\\\/jolieloungecafe\",\"https:\\\/\\\/www.instagram.com\\\/jolieloungecafe\\\/\"]}]}<\/script>\n<!-- \/ Yoast SEO plugin. -->","yoast_head_json":{"title":"About us - Jolie Lounge &amp; Caf\u00e9","robots":{"index":"index","follow":"follow","max-snippet":"max-snippet:-1","max-image-preview":"max-image-preview:large","max-video-preview":"max-video-preview:-1"},"canonical":"https:\/\/jolieloungecafe.fi\/en\/about-us\/","og_locale":"en_US","og_type":"article","og_title":"About us - Jolie Lounge &amp; Caf\u00e9","og_description":"Jolie is moving to South-Finland! Jolie Lounge &amp; Caf\u00e9 opened its doors in December 2020. The menu changed with the eight seasons here in Lapland and invited everyone to drop in to eat, drink coffee or enjoy our unique cocktails alone, with a friend or a bigger group. Over the course of the past years &hellip; Continue reading \"About us\"","og_url":"https:\/\/jolieloungecafe.fi\/en\/about-us\/","og_site_name":"Jolie Lounge &amp; Caf\u00e9","article_publisher":"https:\/\/www.facebook.com\/jolieloungecafe","article_modified_time":"2026-04-17T09:18:53+00:00","og_image":[{"width":2000,"height":1125,"url":"https:\/\/jolieloungecafe.fi\/cW8H\/wp-content\/uploads\/2026\/04\/meista-Vanha-Norri.jpg","type":"image\/jpeg"}],"twitter_card":"summary_large_image","twitter_misc":{"Est. reading time":"3 minutes"},"schema":{"@context":"https:\/\/schema.org","@graph":[{"@type":"WebPage","@id":"https:\/\/jolieloungecafe.fi\/en\/about-us\/","url":"https:\/\/jolieloungecafe.fi\/en\/about-us\/","name":"About us - Jolie Lounge &amp; Caf\u00e9","isPartOf":{"@id":"https:\/\/jolieloungecafe.fi\/#website"},"primaryImageOfPage":{"@id":"https:\/\/jolieloungecafe.fi\/en\/about-us\/#primaryimage"},"image":{"@id":"https:\/\/jolieloungecafe.fi\/en\/about-us\/#primaryimage"},"thumbnailUrl":"https:\/\/i0.wp.com\/jolieloungecafe.fi\/cW8H\/wp-content\/uploads\/2026\/04\/meista-Vanha-Norri.jpg?fit=2000%2C1125&ssl=1","datePublished":"2022-12-15T12:59:29+00:00","dateModified":"2026-04-17T09:18:53+00:00","breadcrumb":{"@id":"https:\/\/jolieloungecafe.fi\/en\/about-us\/#breadcrumb"},"inLanguage":"en-US","potentialAction":[{"@type":"ReadAction","target":["https:\/\/jolieloungecafe.fi\/en\/about-us\/"]}]},{"@type":"ImageObject","inLanguage":"en-US","@id":"https:\/\/jolieloungecafe.fi\/en\/about-us\/#primaryimage","url":"https:\/\/i0.wp.com\/jolieloungecafe.fi\/cW8H\/wp-content\/uploads\/2026\/04\/meista-Vanha-Norri.jpg?fit=2000%2C1125&ssl=1","contentUrl":"https:\/\/i0.wp.com\/jolieloungecafe.fi\/cW8H\/wp-content\/uploads\/2026\/04\/meista-Vanha-Norri.jpg?fit=2000%2C1125&ssl=1","width":2000,"height":1125},{"@type":"BreadcrumbList","@id":"https:\/\/jolieloungecafe.fi\/en\/about-us\/#breadcrumb","itemListElement":[{"@type":"ListItem","position":1,"name":"Etusivu","item":"https:\/\/jolieloungecafe.fi\/en\/"},{"@type":"ListItem","position":2,"name":"About us"}]},{"@type":"WebSite","@id":"https:\/\/jolieloungecafe.fi\/#website","url":"https:\/\/jolieloungecafe.fi\/","name":"Jolie Lounge & Caf\u00e9","description":"Jolie Lounge &amp; Caf\u00e9 is a fresh and relaxed restaurant in the heart of \u00c4k\u00e4slompolo, Yll\u00e4s.","publisher":{"@id":"https:\/\/jolieloungecafe.fi\/#organization"},"alternateName":"Jolie Restaurant","potentialAction":[{"@type":"SearchAction","target":{"@type":"EntryPoint","urlTemplate":"https:\/\/jolieloungecafe.fi\/?s={search_term_string}"},"query-input":{"@type":"PropertyValueSpecification","valueRequired":true,"valueName":"search_term_string"}}],"inLanguage":"en-US"},{"@type":"Organization","@id":"https:\/\/jolieloungecafe.fi\/#organization","name":"Jolie Lounge & Caf\u00e9","alternateName":"Jolie Restaurant \u00c4k\u00e4slompolo","url":"https:\/\/jolieloungecafe.fi\/","logo":{"@type":"ImageObject","inLanguage":"en-US","@id":"https:\/\/jolieloungecafe.fi\/#\/schema\/logo\/image\/","url":"https:\/\/i0.wp.com\/jolieloungecafe.fi\/cW8H\/wp-content\/uploads\/2022\/10\/cropped-jolie-lounge-cafe-1.png?fit=512%2C512&ssl=1","contentUrl":"https:\/\/i0.wp.com\/jolieloungecafe.fi\/cW8H\/wp-content\/uploads\/2022\/10\/cropped-jolie-lounge-cafe-1.png?fit=512%2C512&ssl=1","width":512,"height":512,"caption":"Jolie Lounge & Caf\u00e9"},"image":{"@id":"https:\/\/jolieloungecafe.fi\/#\/schema\/logo\/image\/"},"sameAs":["https:\/\/www.facebook.com\/jolieloungecafe","https:\/\/www.instagram.com\/jolieloungecafe\/"]}]}},"jetpack_sharing_enabled":true,"_links":{"self":[{"href":"https:\/\/jolieloungecafe.fi\/en\/wp-json\/wp\/v2\/pages\/168","targetHints":{"allow":["GET"]}}],"collection":[{"href":"https:\/\/jolieloungecafe.fi\/en\/wp-json\/wp\/v2\/pages"}],"about":[{"href":"https:\/\/jolieloungecafe.fi\/en\/wp-json\/wp\/v2\/types\/page"}],"author":[{"embeddable":true,"href":"https:\/\/jolieloungecafe.fi\/en\/wp-json\/wp\/v2\/users\/1"}],"replies":[{"embeddable":true,"href":"https:\/\/jolieloungecafe.fi\/en\/wp-json\/wp\/v2\/comments?post=168"}],"version-history":[{"count":8,"href":"https:\/\/jolieloungecafe.fi\/en\/wp-json\/wp\/v2\/pages\/168\/revisions"}],"predecessor-version":[{"id":1942,"href":"https:\/\/jolieloungecafe.fi\/en\/wp-json\/wp\/v2\/pages\/168\/revisions\/1942"}],"wp:featuredmedia":[{"embeddable":true,"href":"https:\/\/jolieloungecafe.fi\/en\/wp-json\/wp\/v2\/media\/1938"}],"wp:attachment":[{"href":"https:\/\/jolieloungecafe.fi\/en\/wp-json\/wp\/v2\/media?parent=168"}],"curies":[{"name":"wp","href":"https:\/\/api.w.org\/{rel}","templated":true}]}}